{"id":31,"date":"2023-06-14T15:32:03","date_gmt":"2023-06-14T15:32:03","guid":{"rendered":"http:\/\/conduiterigaud.ca\/team\/"},"modified":"2023-06-14T15:32:03","modified_gmt":"2023-06-14T15:32:03","slug":"team","status":"publish","type":"page","link":"http:\/\/conduiterigaud.ca\/fr\/team\/","title":{"rendered":"Notre \u00e9quipe"},"content":{"rendered":"<div id=\"team\" class=\"row\"><div class=\"col-lg-6 col-md-6 col-sm-6 mb-4 team_box\">\n              <div class=\"mr-3\">\n                <div class=\"row\">\n                  <div class=\"col-lg-5 px-0\"><img decoding=\"async\" src=\"http:\/\/conduiterigaud.ca\/wp-content\/uploads\/2023\/06\/teamimg2.jpg\">\n                  <div class=\"box-team-content\">\n                    <ul class=\"so-icon\">\n                      <li><\/li>\n\n                      <li><\/li>\n\n                      <li><\/li>\n\n                      <li><\/li>\n\n                    <\/ul>  \n                  <\/div><\/div>\n                  <div class=\"col-lg-7 pl-0\">\n                    <div class=\"team-box-inner shrtteam-box\">\n                      <div class=\"team-box-content\">\n                        <h4 class=\"team_name\"><a href=\"http:\/\/conduiterigaud.ca\/fr\/team\/maxime\/\">Maxime<\/a><cite>Moniteur<\/cite>\n                        <\/h4>\n                        <div class=\"qoute_text py-2\">Maxime is the new addition to our team! Eager to share his passion for cars and driving in general, he<\/div>\n                      <\/div>  \n                    <\/div>  \n                  <\/div>\n                <\/div>\n              <\/div>\n            <\/div><div class=\"col-lg-6 col-md-6 col-sm-6 mb-4 team_box\">\n              <div class=\"mr-3\">\n                <div class=\"row\">\n                  <div class=\"col-lg-5 px-0\"><img decoding=\"async\" src=\"http:\/\/conduiterigaud.ca\/wp-content\/uploads\/2023\/06\/4ea64aed0f9de5ea2594e99b4f4e0b66-227x300.jpg\">\n                  <div class=\"box-team-content\">\n                    <ul class=\"so-icon\">\n                      <li><\/li>\n\n                      <li><\/li>\n\n                      <li><\/li>\n\n                      <li><\/li>\n\n                    <\/ul>  \n                  <\/div><\/div>\n                  <div class=\"col-lg-7 pl-0\">\n                    <div class=\"team-box-inner shrtteam-box\">\n                      <div class=\"team-box-content\">\n                        <h4 class=\"team_name\"><a href=\"http:\/\/conduiterigaud.ca\/fr\/team\/team1\/\">Audrey<\/a><cite>Instructrice<\/cite>\n                        <\/h4>\n                        <div class=\"qoute_text py-2\">Audrey est instructrice de coduite depuis de nombreuses ann\u00e9es. Maintenant, elle apporte son expertise au coeur de notre communaut\u00e9 afin de t'apprendre \u00e8a conduire de mani\u00e8re s\u00e9curitaire.<\/div>\n                      <\/div>  \n                    <\/div>  \n                  <\/div>\n                <\/div>\n              <\/div>\n            <\/div><\/div><\/div>","protected":false},"excerpt":{"rendered":"","protected":false},"author":1,"featured_media":0,"parent":0,"menu_order":0,"comment_status":"closed","ping_status":"closed","template":"","meta":{"_regular_price":[],"currency_symbol":[],"footnotes":""},"class_list":["post-31","page","type-page","status-publish","hentry"],"post_slider_layout_featured_media_urls":{"thumbnail":"","post_slider_layout_landscape_large":"","post_slider_layout_portrait_large":"","post_slider_layout_square_large":"","post_slider_layout_landscape":"","post_slider_layout_portrait":"","post_slider_layout_square":"","full":""},"jetpack_sharing_enabled":true,"_links":{"self":[{"href":"http:\/\/conduiterigaud.ca\/fr\/wp-json\/wp\/v2\/pages\/31","targetHints":{"allow":["GET"]}}],"collection":[{"href":"http:\/\/conduiterigaud.ca\/fr\/wp-json\/wp\/v2\/pages"}],"about":[{"href":"http:\/\/conduiterigaud.ca\/fr\/wp-json\/wp\/v2\/types\/page"}],"author":[{"embeddable":true,"href":"http:\/\/conduiterigaud.ca\/fr\/wp-json\/wp\/v2\/users\/1"}],"replies":[{"embeddable":true,"href":"http:\/\/conduiterigaud.ca\/fr\/wp-json\/wp\/v2\/comments?post=31"}],"version-history":[{"count":0,"href":"http:\/\/conduiterigaud.ca\/fr\/wp-json\/wp\/v2\/pages\/31\/revisions"}],"wp:attachment":[{"href":"http:\/\/conduiterigaud.ca\/fr\/wp-json\/wp\/v2\/media?parent=31"}],"curies":[{"name":"wp","href":"https:\/\/api.w.org\/{rel}","templated":true}]}}