{"id":33,"date":"2023-06-14T15:32:03","date_gmt":"2023-06-14T15:32:03","guid":{"rendered":"http:\/\/conduiterigaud.ca\/faq\/"},"modified":"2023-06-14T15:32:03","modified_gmt":"2023-06-14T15:32:03","slug":"faq","status":"publish","type":"page","link":"http:\/\/conduiterigaud.ca\/fr\/faq\/","title":{"rendered":"FAQ"},"content":{"rendered":"<div id=\"our_faq\" class=\"faq_tab_content\"><div class=\"panel panel-default\">\n                <div class=\"panel-heading\" role=\"tab\" id=\"heading1\">\n                  <h4 class=\"panel-title\">\n                  <a role=\"button\" data-toggle=\"collapse\" data-parent=\"#accordion\" href=\"#collapse1\" aria-expanded=\"false\" aria-controls=\"collapse1\">\n                    \u00c0 quel \u00e2ge je peux commencer mes cours?\n                  <\/a>\n                <\/h4>\n                <\/div>\n                <div id=\"collapse1\" class=\"panel-collapse collapse in\" role=\"tabpanel\" aria-labelledby=\"heading1\">\n                  <div class=\"panel-body\">\n                    <p>Nous te sugg\u00e9rons de d\u00e9buter tes cours de conduite de 2 \u00e0 3 mois avant de f\u00eater tes 16 ans. De cette fa\u00e7on, tu pourras obtenir ton permis de conduire \u00e0 tes 16 ans et ainsi compl\u00e9ter ta formation de conduite dans les meilleurs d\u00e9lais possibles.<\/p>\n                  <\/div>\n                <\/div>\n              <\/div><div class=\"panel panel-default\">\n                <div class=\"panel-heading\" role=\"tab\" id=\"heading2\">\n                  <h4 class=\"panel-title\">\n                  <a role=\"button\" data-toggle=\"collapse\" data-parent=\"#accordion\" href=\"#collapse2\" aria-expanded=\"false\" aria-controls=\"collapse2\">\n                    Combien de temps avant d'avoir mon permis?\n                  <\/a>\n                <\/h4>\n                <\/div>\n                <div id=\"collapse2\" class=\"panel-collapse collapse in\" role=\"tabpanel\" aria-labelledby=\"heading2\">\n                  <div class=\"panel-body\">\n                    <p>The fastest way to get your license is 13 months.\r\n\r\nMore precisely, you get to complete 10 hours of theory classes (5 courses) before you reach 16 years old, then get your learner's license on your birthday to start the 12 months learning period before you can pass your driving exam.<\/p>\n                  <\/div>\n                <\/div>\n              <\/div><div class=\"panel panel-default\">\n                <div class=\"panel-heading\" role=\"tab\" id=\"heading3\">\n                  <h4 class=\"panel-title\">\n                  <a role=\"button\" data-toggle=\"collapse\" data-parent=\"#accordion\" href=\"#collapse3\" aria-expanded=\"false\" aria-controls=\"collapse3\">\n                    Combien d'examens je dois r\u00e9ussir?\n                  <\/a>\n                <\/h4>\n                <\/div>\n                <div id=\"collapse3\" class=\"panel-collapse collapse in\" role=\"tabpanel\" aria-labelledby=\"heading3\">\n                  <div class=\"panel-body\">\n                    <p><strong>Au total, tu devras r\u00e9ussir 3 examens.<\/strong>\r\n\r\n<span style=\"text-decoration: underline;\">Le premier<\/span> est fait avec nous! Tu devras r\u00e9ussir un premier <span style=\"text-decoration: underline;\">examen th\u00e9orique<\/span> in order to get your attestation proving you completed the first part of your course. You will then go to the SAAQ at 16 years old and get your learner's license. Once you have your learner's license, give us a call so we can start your driving courses! Note that you will need to be with an experienced driver in order to drive a car (we will explain all the requirements in your fifth theory class, so listen carefully!)\r\n\r\n<span style=\"text-decoration: underline;\">Le second<\/span> examen est un autre <span style=\"text-decoration: underline;\">examen th\u00e9orique<\/span>. This one is done at the SAAQ once you have complete 10 months with your learner's license. You need to pass this exam in order to be allowed to schedule your driving exam, so don't wait before you do!\r\n\r\n<span style=\"text-decoration: underline;\">Le troisi\u00e8me et dernier<\/span> examen dans ta formation de conduite est un <span style=\"text-decoration: underline;\">examen de conduite sur route.<\/span>. This one is done in-car at the SAAQ. Rigaud Driving School can rent you a car if needed, or you can have a look at the SAAQ website to verify if your own specifications needed to be used for your exam.\r\n\r\nOnce your Driving exam is complete, you will be able to drive by yourself!<\/p>\n                  <\/div>\n                <\/div>\n              <\/div><div class=\"panel panel-default\">\n                <div class=\"panel-heading\" role=\"tab\" id=\"heading4\">\n                  <h4 class=\"panel-title\">\n                  <a role=\"button\" data-toggle=\"collapse\" data-parent=\"#accordion\" href=\"#collapse4\" aria-expanded=\"false\" aria-controls=\"collapse4\">\n                    Et si je n'ai pas de voiture pour faire l'examen sur route?\n                  <\/a>\n                <\/h4>\n                <\/div>\n                <div id=\"collapse4\" class=\"panel-collapse collapse in\" role=\"tabpanel\" aria-labelledby=\"heading4\">\n                  <div class=\"panel-body\">\n                    <p>If you don't have a car for your driving exam, you can contact us to rent one. This will allow you to take your exam with the same car that you've learned in. It will boost your confidence, for sure!\r\n\r\n&nbsp;<\/p>\n                  <\/div>\n                <\/div>\n              <\/div><\/div><\/div>","protected":false},"excerpt":{"rendered":"","protected":false},"author":1,"featured_media":0,"parent":0,"menu_order":0,"comment_status":"closed","ping_status":"closed","template":"","meta":{"_regular_price":[],"currency_symbol":[],"footnotes":""},"class_list":["post-33","page","type-page","status-publish","hentry"],"post_slider_layout_featured_media_urls":{"thumbnail":"","post_slider_layout_landscape_large":"","post_slider_layout_portrait_large":"","post_slider_layout_square_large":"","post_slider_layout_landscape":"","post_slider_layout_portrait":"","post_slider_layout_square":"","full":""},"jetpack_sharing_enabled":true,"_links":{"self":[{"href":"http:\/\/conduiterigaud.ca\/fr\/wp-json\/wp\/v2\/pages\/33","targetHints":{"allow":["GET"]}}],"collection":[{"href":"http:\/\/conduiterigaud.ca\/fr\/wp-json\/wp\/v2\/pages"}],"about":[{"href":"http:\/\/conduiterigaud.ca\/fr\/wp-json\/wp\/v2\/types\/page"}],"author":[{"embeddable":true,"href":"http:\/\/conduiterigaud.ca\/fr\/wp-json\/wp\/v2\/users\/1"}],"replies":[{"embeddable":true,"href":"http:\/\/conduiterigaud.ca\/fr\/wp-json\/wp\/v2\/comments?post=33"}],"version-history":[{"count":0,"href":"http:\/\/conduiterigaud.ca\/fr\/wp-json\/wp\/v2\/pages\/33\/revisions"}],"wp:attachment":[{"href":"http:\/\/conduiterigaud.ca\/fr\/wp-json\/wp\/v2\/media?parent=33"}],"curies":[{"name":"wp","href":"https:\/\/api.w.org\/{rel}","templated":true}]}}